{"id":394,"date":"2017-11-30T18:08:03","date_gmt":"2017-11-30T17:08:03","guid":{"rendered":"http:\/\/fabrycznaofficepark.pl\/wordpress\/?page_id=394"},"modified":"2018-07-12T16:23:03","modified_gmt":"2018-07-12T14:23:03","slug":"grzegorzki-park","status":"publish","type":"page","link":"https:\/\/fabrycznaofficepark.pl\/en\/investor\/grzegorzki-park\/","title":{"rendered":"Grzeg\u00f3rzki Park"},"content":{"rendered":"<p>Grzeg\u00f3rzki Park is a multi-stage investment located in the Grzeg\u00f3rzki district on the quiet Francesco Nullo street, which will ultimately consist of eight residential buildings with a service part. Half of the planned buildings was completed. Building number 5 is under construction.<\/p>\n<p>The investment has a great public transport connections location, close to Rondo and Rondo Mogilskie Grzeg\u00f3rzeckie and high standard of finish of the common parts. The estate has a developed service part with, among others, grocery delicacies, a restaurant, a pharmacy, a dentistry center, a nursery school, a hairdressing salon and a beauty salon.<\/p>\n<p>Grzeg\u00f3rzki Park is also an ideal place to relax with cascading green courtyards and numerous walking paths surrounded by carefully arranged greenery.<\/p>\n<p>Please visit the investment website: <a href=\"http:\/\/www.grzegorzkipark.pl\">www.grzegorzkipark.pl<\/a><\/p>\n<p>&nbsp;<\/p>","protected":false},"excerpt":{"rendered":"<p>Grzeg\u00f3rzki Park is a multi-stage investment located in the Grzeg\u00f3rzki district on the quiet Francesco Nullo street, which will ultimately consist of eight residential buildings with a service part. Half of the planned buildings was completed. Building number 5 is under construction. The investment has a great public transport connections location, close to Rondo and [&hellip;]<\/p>\n","protected":false},"author":1,"featured_media":796,"parent":355,"menu_order":9,"comment_status":"closed","ping_status":"closed","template":"templates\/realizacja.php","meta":{"footnotes":""},"class_list":["post-394","page","type-page","status-publish","has-post-thumbnail","hentry"],"_links":{"self":[{"href":"https:\/\/fabrycznaofficepark.pl\/en\/wp-json\/wp\/v2\/pages\/394","targetHints":{"allow":["GET"]}}],"collection":[{"href":"https:\/\/fabrycznaofficepark.pl\/en\/wp-json\/wp\/v2\/pages"}],"about":[{"href":"https:\/\/fabrycznaofficepark.pl\/en\/wp-json\/wp\/v2\/types\/page"}],"author":[{"embeddable":true,"href":"https:\/\/fabrycznaofficepark.pl\/en\/wp-json\/wp\/v2\/users\/1"}],"replies":[{"embeddable":true,"href":"https:\/\/fabrycznaofficepark.pl\/en\/wp-json\/wp\/v2\/comments?post=394"}],"version-history":[{"count":6,"href":"https:\/\/fabrycznaofficepark.pl\/en\/wp-json\/wp\/v2\/pages\/394\/revisions"}],"predecessor-version":[{"id":1084,"href":"https:\/\/fabrycznaofficepark.pl\/en\/wp-json\/wp\/v2\/pages\/394\/revisions\/1084"}],"up":[{"embeddable":true,"href":"https:\/\/fabrycznaofficepark.pl\/en\/wp-json\/wp\/v2\/pages\/355"}],"wp:featuredmedia":[{"embeddable":true,"href":"https:\/\/fabrycznaofficepark.pl\/en\/wp-json\/wp\/v2\/media\/796"}],"wp:attachment":[{"href":"https:\/\/fabrycznaofficepark.pl\/en\/wp-json\/wp\/v2\/media?parent=394"}],"curies":[{"name":"wp","href":"https:\/\/api.w.org\/{rel}","templated":true}]}}