{"id":388,"date":"2017-11-30T17:56:37","date_gmt":"2017-11-30T16:56:37","guid":{"rendered":"http:\/\/fabrycznaofficepark.pl\/wordpress\/?page_id=388"},"modified":"2018-06-27T09:01:19","modified_gmt":"2018-06-27T07:01:19","slug":"przemiarki-24","status":"publish","type":"page","link":"https:\/\/fabrycznaofficepark.pl\/en\/investor\/przemiarki-24\/","title":{"rendered":"Przemiarki 24"},"content":{"rendered":"<p>Uko\u0144czony i zamieszka\u0142y budynek mieszkalny przy ul. Przemiarki 24 na Ruczaju powsta\u0142 w\u00a0ramach Osiedla Bobrzy\u0144skiego. Jest to kameralna inwestycja charakteryzuj\u0105ca si\u0119\u00a0nowoczesn\u0105 elewacj\u0105 i dwuspadowym dachem oraz licznymi przeszkleniami.<\/p>\n<p>Budynek opr\u00f3cz walor\u00f3w estetycznych cechuje atrakcyjna lokalizacja oraz rozwini\u0119ta\u00a0infrastruktura. W pobli\u017cu znajduj\u0105 si\u0119 m.in. pasa\u017ce handlowe, restauracje, przychodnia\u00a0lekarska, salon fryzjerski, gabinety kosmetyczne oraz myjnia samochodowa. Osoby\u00a0prowadz\u0105ce aktywny tryb \u017cycia b\u0119d\u0105 mog\u0142y korzysta\u0107 z centrum sportowo-rekreacyjnego, a\u00a0rodziny z dzie\u0107mi b\u0119d\u0105 mie\u0107 pod r\u0119k\u0105 \u017c\u0142obek i przedszkole. Nieopodal mieszcz\u0105 si\u0119 r\u00f3wnie\u017c\u00a0plac\u00f3wki szk\u00f3\u0142 wy\u017cszych: kampus Uniwersytetu Jagiello\u0144skiego i biblioteka Uniwersytetu\u00a0Papieskiego Jana Paw\u0142a II.<\/p>\n<p>Osiedle Bobrzy\u0144skiego to wieloetapowe przedsi\u0119wzi\u0119cie zlokalizowane w po\u0142udniowej cz\u0119\u015bci\u00a0Krakowa, na kt\u00f3re sk\u0142adaj\u0105 si\u0119 uko\u0144czone osiedla: Szuwarowa, Raciborska, Bobrzy\u0144skiego\u00a0oraz budynki mieszkalno-us\u0142ugowe Przemiarki 22 i 24 oraz Kobierzy\u0144ska 165.<\/p>\n","protected":false},"excerpt":{"rendered":"<p>Uko\u0144czony i zamieszka\u0142y budynek mieszkalny przy ul. Przemiarki 24 na Ruczaju powsta\u0142 w\u00a0ramach Osiedla Bobrzy\u0144skiego. Jest to kameralna inwestycja charakteryzuj\u0105ca si\u0119\u00a0nowoczesn\u0105 elewacj\u0105 i dwuspadowym dachem oraz licznymi przeszkleniami. Budynek opr\u00f3cz walor\u00f3w estetycznych cechuje atrakcyjna lokalizacja oraz rozwini\u0119ta\u00a0infrastruktura. W pobli\u017cu znajduj\u0105 si\u0119 m.in. pasa\u017ce handlowe, restauracje, przychodnia\u00a0lekarska, salon fryzjerski, gabinety kosmetyczne oraz myjnia samochodowa. Osoby\u00a0prowadz\u0105ce aktywny [&hellip;]<\/p>\n","protected":false},"author":1,"featured_media":474,"parent":355,"menu_order":11,"comment_status":"closed","ping_status":"closed","template":"templates\/realizacja.php","meta":{"footnotes":""},"class_list":["post-388","page","type-page","status-publish","has-post-thumbnail","hentry"],"_links":{"self":[{"href":"https:\/\/fabrycznaofficepark.pl\/en\/wp-json\/wp\/v2\/pages\/388","targetHints":{"allow":["GET"]}}],"collection":[{"href":"https:\/\/fabrycznaofficepark.pl\/en\/wp-json\/wp\/v2\/pages"}],"about":[{"href":"https:\/\/fabrycznaofficepark.pl\/en\/wp-json\/wp\/v2\/types\/page"}],"author":[{"embeddable":true,"href":"https:\/\/fabrycznaofficepark.pl\/en\/wp-json\/wp\/v2\/users\/1"}],"replies":[{"embeddable":true,"href":"https:\/\/fabrycznaofficepark.pl\/en\/wp-json\/wp\/v2\/comments?post=388"}],"version-history":[{"count":7,"href":"https:\/\/fabrycznaofficepark.pl\/en\/wp-json\/wp\/v2\/pages\/388\/revisions"}],"predecessor-version":[{"id":1048,"href":"https:\/\/fabrycznaofficepark.pl\/en\/wp-json\/wp\/v2\/pages\/388\/revisions\/1048"}],"up":[{"embeddable":true,"href":"https:\/\/fabrycznaofficepark.pl\/en\/wp-json\/wp\/v2\/pages\/355"}],"wp:featuredmedia":[{"embeddable":true,"href":"https:\/\/fabrycznaofficepark.pl\/en\/wp-json\/wp\/v2\/media\/474"}],"wp:attachment":[{"href":"https:\/\/fabrycznaofficepark.pl\/en\/wp-json\/wp\/v2\/media?parent=388"}],"curies":[{"name":"wp","href":"https:\/\/api.w.org\/{rel}","templated":true}]}}