{"id":355,"date":"2017-11-29T15:00:31","date_gmt":"2017-11-29T14:00:31","guid":{"rendered":"http:\/\/fabrycznaofficepark.pl\/wordpress\/?page_id=355"},"modified":"2023-08-07T08:55:48","modified_gmt":"2023-08-07T06:55:48","slug":"inwestor","status":"publish","type":"page","link":"https:\/\/fabrycznaofficepark.pl\/en\/investor\/","title":{"rendered":"Investor"},"content":{"rendered":"<p>The history of INTER-BUD has started in 1989, with the founding of Zak\u0142ad Remontowo-Budowlany (Construction and Renovation Plant). Since 1993 the business activity has been conducted under the company name Firma Remontowo-Budowlana INTER-BUD in\u017c. Stanis\u0142aw \u0141ukasik. The company specializes in the performance of construction investments, including residential, industrial and public utility building construction. We also offer various kinds of renovation and construction, as well as installation works, including those concerning heritage facilities.<\/p>","protected":false},"excerpt":{"rendered":"<p>The history of INTER-BUD has started in 1989, with the founding of Zak\u0142ad Remontowo-Budowlany (Construction and Renovation Plant). Since 1993 the business activity has been conducted under the company name Firma Remontowo-Budowlana INTER-BUD in\u017c. Stanis\u0142aw \u0141ukasik. The company specializes in the performance of construction investments, including residential, industrial and public utility building construction. We also [&hellip;]<\/p>\n","protected":false},"author":1,"featured_media":0,"parent":0,"menu_order":7,"comment_status":"closed","ping_status":"closed","template":"templates\/deweloper.php","meta":{"footnotes":""},"class_list":["post-355","page","type-page","status-publish","hentry"],"_links":{"self":[{"href":"https:\/\/fabrycznaofficepark.pl\/en\/wp-json\/wp\/v2\/pages\/355","targetHints":{"allow":["GET"]}}],"collection":[{"href":"https:\/\/fabrycznaofficepark.pl\/en\/wp-json\/wp\/v2\/pages"}],"about":[{"href":"https:\/\/fabrycznaofficepark.pl\/en\/wp-json\/wp\/v2\/types\/page"}],"author":[{"embeddable":true,"href":"https:\/\/fabrycznaofficepark.pl\/en\/wp-json\/wp\/v2\/users\/1"}],"replies":[{"embeddable":true,"href":"https:\/\/fabrycznaofficepark.pl\/en\/wp-json\/wp\/v2\/comments?post=355"}],"version-history":[{"count":58,"href":"https:\/\/fabrycznaofficepark.pl\/en\/wp-json\/wp\/v2\/pages\/355\/revisions"}],"predecessor-version":[{"id":1237,"href":"https:\/\/fabrycznaofficepark.pl\/en\/wp-json\/wp\/v2\/pages\/355\/revisions\/1237"}],"wp:attachment":[{"href":"https:\/\/fabrycznaofficepark.pl\/en\/wp-json\/wp\/v2\/media?parent=355"}],"curies":[{"name":"wp","href":"https:\/\/api.w.org\/{rel}","templated":true}]}}